{"id":626,"date":"2018-12-16T13:07:59","date_gmt":"2018-12-16T12:07:59","guid":{"rendered":"https:\/\/www.time361.com\/?post_type=product&#038;p=626"},"modified":"2025-02-24T20:08:16","modified_gmt":"2025-02-24T19:08:16","slug":"cervin-meleze-montagne-seule","status":"publish","type":"product","link":"https:\/\/www.time361.com\/fr\/produit\/cervin-meleze-montagne-seule\/","title":{"rendered":"Cervin &#8211; M\u00e9l\u00e8ze"},"content":{"rendered":"<p>\u25b2 4\u2019478 M \/ 14\u2019690 FT<br \/>\n\u25b2 45\u00b0\u00a058\u2032\u00a035\u2033\u00a0N &#8211; 7\u00b0\u00a039\u2032\u00a031\u2033\u00a0E<\/p>\n<p>R\u00e9plique du Cervin en bois de m\u00e9l\u00e8ze, avec informations concernant la montagne grav\u00e9es au laser \u00e0 l\u2019avant et logo de la marque grav\u00e9 au dos de la r\u00e9plique, plus protection en velours sur la surface de pose.<\/p>\n<p><!--more--><\/p>\n<p>Dimensions (L x l x h) : 20 x 20 x 19 cm<br \/>\nPoids : 1,7 kg<\/p>\n<p>Le m\u00e9l\u00e8ze est un r\u00e9sineux de la famille des Pinac\u00e9es. Il peut atteindre 30 \u00e0 45 m\u00e8tres de haut et vivre entre 100 et 140 ans. En Suisse, 75% des m\u00e9l\u00e8zes poussent au-dessus de 1\u2019400 m. Le bois de m\u00e9l\u00e8ze que l\u2019on trouve en Suisse est tendre et riche en r\u00e9sine et il se caract\u00e9rise par sa durabilit\u00e9, son \u00e9lasticit\u00e9 et sa r\u00e9sistance. Ses cernes d\u2019accroissement tr\u00e8s marqu\u00e9es viennent souligner le relief de la r\u00e9plique de la montage.<\/p>\n<p>Le bois d&#8217;origine suisse est usin\u00e9 pendant 4 heures, puis soigneusement poli et trait\u00e9 manuellement dans une menuiserie situ\u00e9e en Suisse. Une huile de protection du bois est appliqu\u00e9e sur les surfaces. Pour limiter l&#8217;apparition de fissures, nous utilisons, pour ce mod\u00e8le-ci, des planches de bois coll\u00e9es.<\/p>\n<p>Pour ce produit, l&#8217;ajout d&#8217;une gravure personnalis\u00e9e n&#8217;est malheureusement pas possible.<\/p>\n","protected":false},"excerpt":{"rendered":"<p>R\u00e9plique du Cervin en bois de m\u00e9l\u00e8ze, avec informations concernant la montagne grav\u00e9es au laser, \u00e0 l\u2019avant de la r\u00e9plique et logo de la marque grav\u00e9 au dos et avec protection en velours sur la surface de pose. Sur demande, ajout d&#8217;une gravure personnalis\u00e9e au dos de la r\u00e9plique&#8230;.<\/p>\n<p><a class=\"button-black button alt\" href=\"https:\/\/www.time361.com\/fr\/produit\/cervin-meleze-montagne-seule\/\">Article ouvert<span class=\"fa fa-plus\"><\/span><\/a><\/p>\n","protected":false},"featured_media":1010,"comment_status":"open","ping_status":"closed","template":"","meta":{"_acf_changed":false},"product_cat":[129],"product_tag":[78],"acf":[],"_links":{"self":[{"href":"https:\/\/www.time361.com\/fr\/wp-json\/wp\/v2\/product\/626"}],"collection":[{"href":"https:\/\/www.time361.com\/fr\/wp-json\/wp\/v2\/product"}],"about":[{"href":"https:\/\/www.time361.com\/fr\/wp-json\/wp\/v2\/types\/product"}],"replies":[{"embeddable":true,"href":"https:\/\/www.time361.com\/fr\/wp-json\/wp\/v2\/comments?post=626"}],"wp:featuredmedia":[{"embeddable":true,"href":"https:\/\/www.time361.com\/fr\/wp-json\/wp\/v2\/media\/1010"}],"wp:attachment":[{"href":"https:\/\/www.time361.com\/fr\/wp-json\/wp\/v2\/media?parent=626"}],"wp:term":[{"taxonomy":"product_cat","embeddable":true,"href":"https:\/\/www.time361.com\/fr\/wp-json\/wp\/v2\/product_cat?post=626"},{"taxonomy":"product_tag","embeddable":true,"href":"https:\/\/www.time361.com\/fr\/wp-json\/wp\/v2\/product_tag?post=626"}],"curies":[{"name":"wp","href":"https:\/\/api.w.org\/{rel}","templated":true}]}}