{"id":460,"date":"2018-09-20T12:16:57","date_gmt":"2018-09-20T10:16:58","guid":{"rendered":"https:\/\/www.time361.com\/?post_type=product&#038;p=460"},"modified":"2019-03-20T16:50:06","modified_gmt":"2019-03-20T15:50:06","slug":"eiger-marbre-cristallina","status":"publish","type":"product","link":"https:\/\/www.time361.com\/fr\/produit\/eiger-marbre-cristallina\/","title":{"rendered":"Eiger &#8211; Marbre Cristallina"},"content":{"rendered":"<p>\u25b2 3\u2019970 M \/ 13&#8217;026 FT<br \/>\n\u25b2 46\u00b0\u00a034\u2032 39\u2033\u00a0N &#8211; 8\u00b0\u00a000\u2032\u00a019\u2033\u00a0E<\/p>\n<p>Horloge en marbre Cristallina repr\u00e9sentant l\u2019Eiger, avec montre suisse de grande qualit\u00e9, cadran orn\u00e9 du motif de la montagne, aimant int\u00e9gr\u00e9 et protection en velours sur le bas de l\u2019horloge. Sur demande, ajout d\u2019une gravure personnalis\u00e9e au dos de l\u2019horloge.<\/p>\n<p><!--more--><\/p>\n<p>Dimensions (L x l x h) : 10 x 10 x 18 cm<br \/>\nPoids : 3,5 kg<\/p>\n<p>Ce calcaire cristallin, ou marbre, est le seul marbre extrait en Suisse. Il provient de la Valle Maggia dans le canton du Tessin, d&#8217;une carri\u00e8re situ\u00e9e \u00e0 une altitude de 1&#8217;200 m. Caract\u00e9ristiques de la pierre : Couleur blanche \u00e0 gris perle, riche en calcite et en d&#8217;autres min\u00e9raux tels que le quartz et les silicates.<\/p>\n<p>La pierre est usin\u00e9e d&#8217;une seule pi\u00e8ce pendant 6 heures, puis soigneusement polie et trait\u00e9e manuellement dans un atelier de taille de pierre situ\u00e9 en Suisse. Une plaque aimant\u00e9e en acier chrom\u00e9 et incrust\u00e9e dans la pierre permet de fixer la montre, mais aussi de la retirer facilement. Le logo de la marque est grav\u00e9 au dos de l&#8217;horloge. La montre est compos\u00e9e d&#8217;un bo\u00eetier en aluminium de grande qualit\u00e9 avec aimants int\u00e9gr\u00e9s, d&#8217;un mouvement \u00e0 quartz de grande pr\u00e9cision fabriqu\u00e9 en Suisse et fonctionnant avec une pile, d&#8217;un cadran unique, orn\u00e9 du motif de la montagne et d&#8217;un verre min\u00e9ral tremp\u00e9. Des informations sp\u00e9cifiques \u00e0 l&#8217;\u00e9dition de l&#8217;horloge sont grav\u00e9es au dos du bo\u00eetier.<\/p>\n","protected":false},"excerpt":{"rendered":"<p>Horloge en marbre Cristallina repr\u00e9sentant l&#8217;Eiger, (( avec montre suisse de grande qualit\u00e9, cadran orn\u00e9 du motif de la montagne, aimant int\u00e9gr\u00e9 et protection en velours sur le bas de l&#8217;horloge. Sur demande, ajout d&#8217;une gravure personnalis\u00e9e au dos de l&#8217;horloge. ))&#8230;<\/p>\n<p><a class=\"button-black button alt\" href=\"https:\/\/www.time361.com\/fr\/produit\/eiger-marbre-cristallina\/\">Article ouvert<span class=\"fa fa-plus\"><\/span><\/a><\/p>\n","protected":false},"featured_media":1013,"comment_status":"closed","ping_status":"closed","template":"","meta":{"_acf_changed":false},"product_cat":[101],"product_tag":[52],"acf":[],"_links":{"self":[{"href":"https:\/\/www.time361.com\/fr\/wp-json\/wp\/v2\/product\/460"}],"collection":[{"href":"https:\/\/www.time361.com\/fr\/wp-json\/wp\/v2\/product"}],"about":[{"href":"https:\/\/www.time361.com\/fr\/wp-json\/wp\/v2\/types\/product"}],"replies":[{"embeddable":true,"href":"https:\/\/www.time361.com\/fr\/wp-json\/wp\/v2\/comments?post=460"}],"wp:featuredmedia":[{"embeddable":true,"href":"https:\/\/www.time361.com\/fr\/wp-json\/wp\/v2\/media\/1013"}],"wp:attachment":[{"href":"https:\/\/www.time361.com\/fr\/wp-json\/wp\/v2\/media?parent=460"}],"wp:term":[{"taxonomy":"product_cat","embeddable":true,"href":"https:\/\/www.time361.com\/fr\/wp-json\/wp\/v2\/product_cat?post=460"},{"taxonomy":"product_tag","embeddable":true,"href":"https:\/\/www.time361.com\/fr\/wp-json\/wp\/v2\/product_tag?post=460"}],"curies":[{"name":"wp","href":"https:\/\/api.w.org\/{rel}","templated":true}]}}