{"id":454,"date":"2018-09-20T12:12:56","date_gmt":"2018-09-20T10:12:56","guid":{"rendered":"https:\/\/www.time361.com\/?post_type=product&#038;p=454"},"modified":"2019-02-02T18:39:45","modified_gmt":"2019-02-02T17:39:45","slug":"eiger-noyer","status":"publish","type":"product","link":"https:\/\/www.time361.com\/fr\/produit\/eiger-noyer\/","title":{"rendered":"Eiger &#8211; Noyer"},"content":{"rendered":"<p>\u25b2 3\u2019970 M \/ 13&#8217;026 FT<br \/>\n\u25b2 46\u00b0\u00a034\u2032 39\u2033\u00a0N &#8211; 8\u00b0\u00a000\u2032\u00a019\u2033\u00a0E<\/p>\n<p>Horloge en bois de noyer repr\u00e9sentant l&#8217;Eiger, avec montre suisse de grande qualit\u00e9, cadran orn\u00e9 du motif de la montagne, aimant int\u00e9gr\u00e9 et protection en velours sur le bas de l&#8217;horloge. Sur demande, ajout d&#8217;une gravure personnalis\u00e9e au dos de l&#8217;horloge.<\/p>\n<p><!--more--><\/p>\n<p>Dimensions (L x l x h) : 10 x 10 x 18 cm<br \/>\nPoids : 0,9 kg<\/p>\n<p>Le noyer appartient \u00e0 la famille des Juglandac\u00e9es. Il pousse \u00e0 des altitudes comprises entre 200 et 700 m, peut atteindre 30 m\u00e8tres de haut et vivre entre 120 et 150 ans, parfois m\u00eame jusqu&#8217;\u00e0 600 ans. C&#8217;est notamment le duramen, le c\u0153ur du bois qui est utilis\u00e9, puisque c&#8217;est l\u00e0 que l&#8217;on trouve ces fibres ondul\u00e9es et ces motifs particuliers qui caract\u00e9risent le noyer et que la structure du bois convient le mieux pour l&#8217;usinage des r\u00e9pliques des montagnes.<\/p>\n<p>Le bois est usin\u00e9 d&#8217;une seule pi\u00e8ce pendant 2 heures, puis soigneusement poli et trait\u00e9 manuellement dans une menuiserie situ\u00e9e en Suisse. Une huile de protection du bois est appliqu\u00e9e sur les surfaces. Une plaque aimant\u00e9e en acier chrom\u00e9 et incrust\u00e9e dans le bois permet de fixer la montre, mais aussi de la retirer facilement. Le logo de la marque est grav\u00e9 au dos de l&#8217;horloge. La montre est compos\u00e9e d&#8217;un bo\u00eetier en aluminium de grande qualit\u00e9 avec aimants int\u00e9gr\u00e9s, d&#8217;un mouvement \u00e0 quartz de grande pr\u00e9cision fabriqu\u00e9 en Suisse et fonctionnant avec une pile, d&#8217;un cadran unique, orn\u00e9 du motif de la montagne et d&#8217;un verre min\u00e9ral tremp\u00e9. Des informations sp\u00e9cifiques \u00e0 l&#8217;\u00e9dition de l&#8217;horloge sont grav\u00e9es au dos du bo\u00eetier.<\/p>\n","protected":false},"excerpt":{"rendered":"<p>Horloge en bois de noyer repr\u00e9sentant l&#8217;Eiger, avec montre suisse de grande qualit\u00e9, cadran orn\u00e9 du motif de la montagne, aimant int\u00e9gr\u00e9 et protection en velours sur le bas de l&#8217;horloge. Sur demande, ajout d&#8217;une gravure personnalis\u00e9e au dos de l&#8217;horloge&#8230;.<\/p>\n<p><a class=\"button-black button alt\" href=\"https:\/\/www.time361.com\/fr\/produit\/eiger-noyer\/\">Article ouvert<span class=\"fa fa-plus\"><\/span><\/a><\/p>\n","protected":false},"featured_media":968,"comment_status":"closed","ping_status":"closed","template":"","meta":{"_acf_changed":false},"product_cat":[98],"product_tag":[52],"acf":[],"_links":{"self":[{"href":"https:\/\/www.time361.com\/fr\/wp-json\/wp\/v2\/product\/454"}],"collection":[{"href":"https:\/\/www.time361.com\/fr\/wp-json\/wp\/v2\/product"}],"about":[{"href":"https:\/\/www.time361.com\/fr\/wp-json\/wp\/v2\/types\/product"}],"replies":[{"embeddable":true,"href":"https:\/\/www.time361.com\/fr\/wp-json\/wp\/v2\/comments?post=454"}],"wp:featuredmedia":[{"embeddable":true,"href":"https:\/\/www.time361.com\/fr\/wp-json\/wp\/v2\/media\/968"}],"wp:attachment":[{"href":"https:\/\/www.time361.com\/fr\/wp-json\/wp\/v2\/media?parent=454"}],"wp:term":[{"taxonomy":"product_cat","embeddable":true,"href":"https:\/\/www.time361.com\/fr\/wp-json\/wp\/v2\/product_cat?post=454"},{"taxonomy":"product_tag","embeddable":true,"href":"https:\/\/www.time361.com\/fr\/wp-json\/wp\/v2\/product_tag?post=454"}],"curies":[{"name":"wp","href":"https:\/\/api.w.org\/{rel}","templated":true}]}}