{"id":112,"date":"2018-06-25T11:28:34","date_gmt":"2018-06-25T09:28:34","guid":{"rendered":"https:\/\/www.time361.com\/?page_id=112"},"modified":"2019-02-20T20:01:26","modified_gmt":"2019-02-20T19:01:26","slug":"qui-sommes-nous","status":"publish","type":"page","link":"https:\/\/www.time361.com\/fr\/qui-sommes-nous\/","title":{"rendered":"Qui sommes-nous ?"},"content":{"rendered":"<h3>La gen\u00e8se<\/h3>\n<p>L&#8217;id\u00e9e de Time 361<sup>\u00ae\u00a0<\/sup>est que tous les alpinistes, varappeurs, escaladeurs, randonneurs, ou simplement tout ceux qui aiment la montagne aient leur propre montagne \u00e0 la maison ou sur leur lieu de travail et qu&#8217;ils puissent ainsi s&#8217;abandonner \u00e0 la r\u00eaverie quand ils en ont besoin ou envie.<\/p>\n<p>Pour que l&#8217;exp\u00e9rience soit encore plus forte, des bonbons Menthe des glaciers de Ricola, le c\u00e9l\u00e8bre fabricant suisse de bonbons aux herbes, viennent agr\u00e9menter le tout d&#8217;une fra\u00eecheur alpine et stimuler encore plus l\u2019imagination de chacun.<\/p>\n<p>Les horloges en pierre ou en bois Time 361<sup>\u00ae<\/sup> permettent ainsi \u00e0 leurs heureux propri\u00e9taires de faire \u00e0 tout moment une petite escapade dans les Alpes suisses et de raviver les souvenirs des bons moments pass\u00e9s.<\/p>\n<p>Apr\u00e8s plusieurs ann\u00e9es passionnantes, d\u00e9di\u00e9es \u00e0 la cr\u00e9ation et au d\u00e9veloppement, la marque Time 361<sup>\u00ae<\/sup> a \u00e9t\u00e9 d\u00e9pos\u00e9e et la soci\u00e9t\u00e9 Seven Elements GmbH a \u00e9t\u00e9 cr\u00e9\u00e9e au printemps 2018. D\u00e9sormais, la marque Time 361<sup>\u00ae<\/sup> va ouvrir de nouveaux horizons sur les march\u00e9s horlogers du monde entier.<\/p>\n<h3>La marque<\/h3>\n<p>La marque Time 361<sup>\u00ae<\/sup> n&#8217;\u00e9voque pas seulement l&#8217;infinit\u00e9 du temps (360\u00b0 = 1 heure), mais met en exergue les multiples fa\u00e7ons de regarder les choses, notamment les massifs montagneux, et la possibilit\u00e9 de les explorer jusque dans les moindres d\u00e9tails.<\/p>\n<p>Nous attachons beaucoup d\u2019importance \u00e0 ce que la notion du &#8220;swiss made&#8221; soit compl\u00e8tement int\u00e9gr\u00e9e \u00e0 ce &#8220;petit bout de Suisse&#8221;. C&#8217;est pour \u00e7a que le bois et la pierre de nos horloges proviennent exclusivement de Suisse, que l&#8217;usinage est effectu\u00e9 int\u00e9gralement en Suisse, que nous avons choisi une montre suisse de grande qualit\u00e9 et que tous nos documents imprim\u00e9s sont \u00e9labor\u00e9s en Suisse.<\/p>\n<p>Les mod\u00e8les de base de nos horloges sont \u00e9labor\u00e9s \u00e0 l&#8217;aide des donn\u00e9es GPS actuelles afin de garantir des r\u00e9pliques exactes des trois massifs montagneux. Le design des diff\u00e9rentes \u00e9ditions est d\u00e9pos\u00e9 et prot\u00e9g\u00e9.<\/p>\n<h3>Notre philosophie<\/h3>\n<p>Dans un souci constant de proposer des produits innovants, de satisfaire nos clients et de forger une culture d&#8217;entreprise saine, la soci\u00e9t\u00e9 Seven Elements GmbH, propri\u00e9taire de la marque Time 361<sup>\u00ae<\/sup>, s\u2019appuie sur les sept \u00e9l\u00e9ments suivants :<\/p>\n<ul>\n<li>Design<\/li>\n<li>Unicit\u00e9<\/li>\n<li>Robustesse<\/li>\n<li>P\u00e9rennit\u00e9<\/li>\n<li>Passion<\/li>\n<li>Qualit\u00e9<\/li>\n<li>Vision<\/li>\n<\/ul>\n<p>Le nom de l&#8217;entreprise fait lui-m\u00eame r\u00e9f\u00e9rence \u00e0 ces sept \u00e9l\u00e9ments et toutes nos r\u00e9flexions et toutes nos actions en sont empreintes, car ils sont les garants du succ\u00e8s de notre entreprise.<\/p>\n<p><img loading=\"lazy\" decoding=\"async\" class=\"alignnone size-thumbnail wp-image-1069\" src=\"https:\/\/www.time361.com\/wp-content\/uploads\/2019\/02\/SWISS-STONE-web_02-150x150.png\" alt=\"\" width=\"150\" height=\"150\" srcset=\"https:\/\/www.time361.com\/wp-content\/uploads\/2019\/02\/SWISS-STONE-web_02-150x150.png 150w, https:\/\/www.time361.com\/wp-content\/uploads\/2019\/02\/SWISS-STONE-web_02-300x300.png 300w, https:\/\/www.time361.com\/wp-content\/uploads\/2019\/02\/SWISS-STONE-web_02-100x100.png 100w, https:\/\/www.time361.com\/wp-content\/uploads\/2019\/02\/SWISS-STONE-web_02.png 474w\" sizes=\"(max-width: 150px) 100vw, 150px\" \/> <img loading=\"lazy\" decoding=\"async\" class=\"alignnone size-thumbnail wp-image-1072\" src=\"https:\/\/www.time361.com\/wp-content\/uploads\/2019\/02\/SWISS-WOOD-web_02-150x150.png\" alt=\"\" width=\"150\" height=\"150\" srcset=\"https:\/\/www.time361.com\/wp-content\/uploads\/2019\/02\/SWISS-WOOD-web_02-150x150.png 150w, https:\/\/www.time361.com\/wp-content\/uploads\/2019\/02\/SWISS-WOOD-web_02-300x300.png 300w, https:\/\/www.time361.com\/wp-content\/uploads\/2019\/02\/SWISS-WOOD-web_02-100x100.png 100w, https:\/\/www.time361.com\/wp-content\/uploads\/2019\/02\/SWISS-WOOD-web_02.png 474w\" sizes=\"(max-width: 150px) 100vw, 150px\" \/><\/p>\n<p>&nbsp;<\/p>\n","protected":false},"excerpt":{"rendered":"<p>La gen\u00e8se L&#8217;id\u00e9e de Time 361\u00ae\u00a0est que tous les alpinistes, varappeurs, escaladeurs, randonneurs, ou simplement tout ceux qui aiment la montagne aient leur propre montagne \u00e0 la maison ou sur leur lieu de travail et qu&#8217;ils puissent ainsi s&#8217;abandonner \u00e0 la r\u00eaverie quand ils en ont besoin ou envie. Pour que l&#8217;exp\u00e9rience soit encore plus&#8230;<\/p>\n<p><a class=\"button-black button alt\" href=\"https:\/\/www.time361.com\/fr\/qui-sommes-nous\/\">Article ouvert<span class=\"fa fa-plus\"><\/span><\/a><\/p>\n","protected":false},"author":1,"featured_media":0,"parent":0,"menu_order":0,"comment_status":"closed","ping_status":"closed","template":"","meta":{"_acf_changed":false,"footnotes":""},"acf":[],"_links":{"self":[{"href":"https:\/\/www.time361.com\/fr\/wp-json\/wp\/v2\/pages\/112"}],"collection":[{"href":"https:\/\/www.time361.com\/fr\/wp-json\/wp\/v2\/pages"}],"about":[{"href":"https:\/\/www.time361.com\/fr\/wp-json\/wp\/v2\/types\/page"}],"author":[{"embeddable":true,"href":"https:\/\/www.time361.com\/fr\/wp-json\/wp\/v2\/users\/1"}],"replies":[{"embeddable":true,"href":"https:\/\/www.time361.com\/fr\/wp-json\/wp\/v2\/comments?post=112"}],"version-history":[{"count":13,"href":"https:\/\/www.time361.com\/fr\/wp-json\/wp\/v2\/pages\/112\/revisions"}],"predecessor-version":[{"id":1300,"href":"https:\/\/www.time361.com\/fr\/wp-json\/wp\/v2\/pages\/112\/revisions\/1300"}],"wp:attachment":[{"href":"https:\/\/www.time361.com\/fr\/wp-json\/wp\/v2\/media?parent=112"}],"curies":[{"name":"wp","href":"https:\/\/api.w.org\/{rel}","templated":true}]}}