{"id":1117,"date":"2019-02-04T21:28:40","date_gmt":"2019-02-04T20:28:40","guid":{"rendered":"https:\/\/www.time361.com\/agb-seven-elements-gmbh\/"},"modified":"2022-01-01T20:34:12","modified_gmt":"2022-01-01T19:34:12","slug":"agb-seven-elements-gmbh","status":"publish","type":"page","link":"https:\/\/www.time361.com\/fr\/agb-seven-elements-gmbh\/","title":{"rendered":"CGV"},"content":{"rendered":"<p>L&#8217;\u00e9quipe de Seven Elements est heureuse que vous ayez fait le choix d&#8217;acheter l&#8217;un de nos produits. Votre satisfaction est notre priorit\u00e9 absolue. Si vous avez des questions ou des suggestions, ou si quelque chose ne fonctionne pas, veuillez nous appeler au +41 (0)61 763 13 13, ou nous envoyer un e-mail \u00e0 <u>info[at]sevenelements.ch<\/u>.<\/p>\n<h3>1. Dispositions g\u00e9n\u00e9rales<\/h3>\n<p>Ces conditions de vente et de livraison s&#8217;appliquent \u00e0 la vente et \u00e0 la livraison des produits qui sont pr\u00e9sent\u00e9s et propos\u00e9s \u00e0 la vente sur ce site internet. Veuillez lire attentivement l&#8217;ensemble des conditions de vente et de livraison avant de commander un produit sur ce site internet. En commandant un de nos produits, vous acceptez les dispositions d\u00e9crites ci-dessous.<\/p>\n<p>Lors de la finalisation de commande, veuillez cocher la case &#8220;J&#8217;accepte les conditions de vente et de livraison et les conditions relatives \u00e0 la protection des donn\u00e9es de Seven Elements&#8221;, si vous acceptez ces conditions de vente et de livraison et les conditions relatives \u00e0 la protection des donn\u00e9es (politique de confidentialit\u00e9). Nous vous informons que si vous n&#8217;acceptez pas les conditions de vente et de livraison et les conditions relatives \u00e0 la protection des donn\u00e9es, vous ne pourrez pas commander les produits pr\u00e9sent\u00e9s sur ce site internet.<\/p>\n<p>Seven Elements se r\u00e9serve le droit de modifier \u00e0 tout moment les pr\u00e9sentes conditions de vente et de livraison et \u00e9galement les prix de ses produits. Ce sont les conditions de vente et de livraison et les prix affich\u00e9s sur ce site internet au moment de la commande qui s&#8217;appliquent.<\/p>\n<p>Ce site internet est exploit\u00e9 par Seven Elements GmbH, K\u00e4hlenweg 17, CH-4243 Dittingen. T\u00e9l\u00e9phone : +41 (0)61 763 13 13, e-mail : <u>info[at]sevenelements.ch<\/u>. Time 361<sup>\u00ae<\/sup> est une marque d\u00e9pos\u00e9e et prot\u00e9g\u00e9e par Seven Elements.<\/p>\n<h3>2. Consentement au traitement de vos donn\u00e9es<\/h3>\n<p>Seven Elements GmbH collecte et traite vos donn\u00e9es conform\u00e9ment au r\u00e8glement en vigueur sur la protection des donn\u00e9es. Dans notre d\u00e9claration relative \u00e0 la protection des donn\u00e9es (politique de confidentialit\u00e9), vous trouverez des informations d\u00e9taill\u00e9es sur la nature et la finalit\u00e9 du traitement des donn\u00e9es vous concernant. Pour vous contacter, nous vous envoyons un e-mail \u00e0 l&#8217;adresse e-mail que vous nous avez indiqu\u00e9e, ou nous vous envoyons un courrier \u00e0 l&#8217;adresse postale que vous nous avez indiqu\u00e9e.<\/p>\n<p>L&#8217;acceptation des pr\u00e9sentes conditions de vente et de livraison implique votre consentement au traitement des donn\u00e9es personnelles, ainsi qu&#8217;\u00e0 l&#8217;utilisation de cookies et de services d&#8217;analyse, conform\u00e9ment \u00e0 notre politique d&#8217;utilisation des cookies et d&#8217;analyse de site web, dans la mesure o\u00f9 vous n&#8217;avez pas fait usage des options de rejet qui y sont d\u00e9crites.<\/p>\n<h3>3. Votre statut<\/h3>\n<p>Si vous commandez un article sur notre site internet, vous vous portez garant que les conditions suivantes sont remplies :<\/p>\n<ol>\n<li>Vous \u00eates en droit de conclure des contrats ayant force obligatoire.<\/li>\n<li>Vous \u00eates \u00e2g\u00e9s d\u2019au moins 18 ans.<\/li>\n<li>Vous \u00eates une personne physique et vous achetez les produits \u00e0 des fins non-commerciales.<\/li>\n<\/ol>\n<h3>4. Achat de marchandises, d\u00e9roulement de la commande<\/h3>\n<p>La commande d&#8217;un produit sur ce site internet est consid\u00e9r\u00e9e comme une offre relative \u00e0 l&#8217;achat d&#8217;un produit conform\u00e9ment aux pr\u00e9sentes conditions de vente et de livraison. Apr\u00e8s avoir pass\u00e9 une commande, vous recevrez un e-mail de notre part confirmant que nous avons bien re\u00e7u votre commande. Nous tenons \u00e0 vous informer que cela ne signifie aucunement que votre commande a \u00e9t\u00e9 accept\u00e9e. Les commandes sont soumises \u00e0 l&#8217;approbation de Seven Elements. Nous vous confirmons l\u2019acceptation de votre commande en vous envoyant un e-mail de confirmation de la commande. Ceci entra\u00eene un contrat contraignant juridiquement entre les deux parties. Ce contrat concerne uniquement les produits dont nous avons confirm\u00e9 la livraison dans le document de confirmation de la commande. Nous ne sommes pas contraints de livrer d&#8217;autres produits faisant \u00e9ventuellement partie de votre commande, sauf si la livraison de ces produits a \u00e9t\u00e9 confirm\u00e9e dans une confirmation de commande distincte. Dans certains cas, nous nous r\u00e9servons le droit de refuser des commandes sans indication de motif.<\/p>\n<h3>5. Prix et paiement<\/h3>\n<p>Le prix d&#8217;un produit est celui indiqu\u00e9 sur ce site internet, sauf en cas d&#8217;erreurs \u00e9videntes. Pour les produits livr\u00e9s dans un pays autre que la Suisse, des droits de douane \u00e9ventuels et une TVA sp\u00e9cifique au pays concern\u00e9 sont appliqu\u00e9s. Les \u00e9ventuels frais d&#8217;exp\u00e9dition sont indiqu\u00e9s s\u00e9par\u00e9ment. Nous ne sommes pas tenus de vous livrer un produit \u00e0 un prix erron\u00e9 (prix plus bas), si l&#8217;erreur de prix est \u00e9vidente et que vous auriez ais\u00e9ment pu d\u00e9celer le fait que le prix indiqu\u00e9 \u00e9tait erron\u00e9 et ce, m\u00eame si nous vous avons d\u00e9j\u00e0 envoy\u00e9 une confirmation de la commande avec le prix erron\u00e9.<\/p>\n<p>Le paiement peut \u00eatre effectu\u00e9 via PayPal ou par virement bancaire direct, avec les cartes de cr\u00e9dit indiqu\u00e9es dans le formulaire de commande. Le paiement doit \u00eatre effectu\u00e9 avant la livraison des produits. Nous sommes en droit de reporter la livraison des produits jusqu\u2019\u00e0 ce que nous ayons obtenu le paiement int\u00e9gral des produits command\u00e9s. Tous les d\u00e9tenteurs d&#8217;une carte de cr\u00e9dit sont soumis \u00e0 un contr\u00f4le de validit\u00e9 effectu\u00e9 par l&#8217;\u00e9metteur de la carte et \u00e0 l&#8217;approbation de ce dernier pour l&#8217;utilisation de la carte. Les donn\u00e9es personnelles du d\u00e9tenteur de la carte de cr\u00e9dit qui sont n\u00e9cessaires pour ces contr\u00f4les peuvent \u00eatre \u00e9chang\u00e9es avec des tiers. Si l\u2019\u00e9metteur de la carte de cr\u00e9dit n\u2019autorise pas le paiement, le retard ou la non livraison de la commande ne peut pas nous \u00eatre imput\u00e9. Nous nous r\u00e9servons le droit de faire des promotions sp\u00e9ciales et de conclure des accords individuels avec des points de vente et des revendeurs.<\/p>\n<h3>6. Livraison<\/h3>\n<p>Nous envoyons nos produits par la poste pour des adresses en Suisse et par FedEx pour des adresses \u00e0 l&#8217;\u00e9tranger. Nous vous faisons parvenir par e-mail les informations relatives \u00e0 l&#8217;exp\u00e9dition, ainsi que le lien vers le Track&amp;Trace de Post CH SA pour les envois en Suisse, ou le lien vers FedEx Tracking pour les envois internationaux. La livraison s&#8217;effectue en principe dans un d\u00e9lai de 3 \u00e0 5 jours \u00e0 compter de la date de la commande, sauf si un autre d\u00e9lai a \u00e9t\u00e9 convenu de mani\u00e8re explicite au moment de la passation de commande. Le lieu de livraison est celui qui est indiqu\u00e9 dans la confirmation de commande. Pour des raisons pratiques, nous pouvons exp\u00e9dier plusieurs produits de la m\u00eame commande en plusieurs colis distincts (exp\u00e9dition fractionn\u00e9e). Si tel est le cas, nous le mentionnons dans les informations relatives \u00e0 l&#8217;exp\u00e9dition. Si l&#8217;exp\u00e9dition fractionn\u00e9e devait entra\u00eener une augmentation des frais d&#8217;exp\u00e9dition, nous ne proc\u00e9derions de cette mani\u00e8re sans votre consentement expr\u00e8s uniquement si les frais plus \u00e9lev\u00e9s vous ont d\u00e9j\u00e0 \u00e9t\u00e9 communiqu\u00e9s lors de la conclusion du contrat.<\/p>\n<h3>7. Transfert de propri\u00e9t\u00e9 et transfert des risques<\/h3>\n<p>Le produit devient votre propri\u00e9t\u00e9 d\u00e8s que le paiement du prix d&#8217;achat (frais d&#8217;exp\u00e9dition inclus) a \u00e9t\u00e9 effectu\u00e9 dans son int\u00e9gralit\u00e9, ou que la livraison du produit a \u00e9t\u00e9 effectu\u00e9e\u00a0; ceci en fonction du cas de figure qui se pr\u00e9sente en premier. Nous sommes habilit\u00e9s \u00e0 exiger \u00e0 tout moment le renvoi de nos produits avant le transfert de propri\u00e9t\u00e9, si vous enfreignez les pr\u00e9sentes conditions de vente et de livraison. Le transfert des risques a lieu avec la livraison \u00e0 l\u2019adresse indiqu\u00e9e. Les risques, au sens de cette disposition, se rapportent \u00e0 la responsabilit\u00e9 en cas de d\u00e9g\u00e2ts du produit ou de d\u00e9g\u00e2ts occasionn\u00e9s par son utilisation, sa manipulation ou son stockage. Les risques li\u00e9s \u00e0 l&#8217;\u00e9garement ou \u00e0 la perte des marchandises et \u00e0 l&#8217;endommagement de celles-ci vous sont transf\u00e9r\u00e9s au moment de leur remise \u00e0 l&#8217;entreprise de transport.<\/p>\n<h3>8. Produit et mat\u00e9riel<\/h3>\n<p>Toutes nos r\u00e9pliques de montagne (montagne seule, ou montagne avec montre) sont usin\u00e9es avec du bois ou de la pierre et sont des pi\u00e8ces uniques. Il est possible que la structure ou la couleur des produits livr\u00e9s diff\u00e8rent l\u00e9g\u00e8rement de celles sur les photos de notre site internet. Les photos affich\u00e9es sur notre site sont des exemples et servent d&#8217;illustration.<\/p>\n<p>Le bois et la pierre que nous utilisons pour nos produits sont des produits naturels. Des param\u00e8tres ext\u00e9rieurs, comme par exemple la lumi\u00e8re, la temp\u00e9rature ambiante, l&#8217;humidit\u00e9, ou une source de chaleur peuvent modifier l&#8217;aspect, la couleur, la forme ou la texture de nos produits. De l\u00e9gers changements au niveau de la forme ou de la couleur peuvent aussi se produire dans des pi\u00e8ces o\u00f9 la temp\u00e9rature ambiante est dite normale. Au moment de la livraison, la forme et l&#8217;aspect de nos produits sont intacts.<\/p>\n<h3>9. Garanties<\/h3>\n<p>Si, au moment de la livraison, le produit est endommag\u00e9 ou d\u00e9fectueux, Seven Elements r\u00e9pare imm\u00e9diatement le produit &#8211; apr\u00e8s appr\u00e9ciation de sa part &#8211; ou vous livre un produit de remplacement d\u00e8s que le produit endommag\u00e9 ou d\u00e9fectueux nous a \u00e9t\u00e9 retourn\u00e9. Veuillez v\u00e9rifier le produit imm\u00e9diatement apr\u00e8s la livraison. Pour \u00eatre recevable, une r\u00e9clamation pour un produit endommag\u00e9 ou d\u00e9fectueux doit \u00eatre faite par \u00e9crit dans les 5 jours suivant la livraison. Pass\u00e9 ce d\u00e9lai, le produit est consid\u00e9r\u00e9 comme accept\u00e9 et sans d\u00e9faut.<\/p>\n<p>Concernant les propri\u00e9t\u00e9s naturelles des mat\u00e9riaux, Seven Elements exclut de faire valoir une garantie, notamment pour d&#8217;\u00e9ventuels changements au niveau de la couleur ou de la forme tels que d\u00e9crits dans l&#8217;article 8 des pr\u00e9sentes conditions de vente et de livraison.<\/p>\n<p>Les montres int\u00e9gr\u00e9es dans nos produits sont fournies avec une garantie de 24 mois d\u00e9livr\u00e9e par Seven Elements GmbH pour les d\u00e9fauts de mat\u00e9riel ou de fabrication. Les conditions g\u00e9n\u00e9rales concernant la garantie de la montre figurent sur le certificat de garantie qui est fourni avec chaque montre. Pour faire valoir la garantie, il faut retourner le produit \u00e0 Seven Elements ou s&#8217;adresser \u00e0 un revendeur Time 361<sup>\u00ae<\/sup> agr\u00e9\u00e9 et joindre une preuve d&#8217;achat.<\/p>\n<p>Les documents suivants font office de preuve d&#8217;achat :<\/p>\n<ul>\n<li>le certificat de garantie avec cachet et date,<\/li>\n<li>la facture originale ou le bulletin de livraison original,<\/li>\n<li>un relev\u00e9 bancaire ou un relev\u00e9 de carte de cr\u00e9dit.<\/li>\n<\/ul>\n<p>Si aucune preuve d&#8217;achat n\u2019est fournie, nous nous r\u00e9servons le droit de faire valoir la garantie\u00a0; aucune exigence de la part du client ne peut \u00eatre formul\u00e9e dans ce cas de figure. Les produits qui sont renvoy\u00e9s sur base de cette garantie doivent \u00eatre envoy\u00e9s par colis postal \u00e0 l&#8217;adresse suivante :<\/p>\n<p>Seven Elements GmbH<br \/>\nRetours<br \/>\nK\u00e4hlenweg 17<br \/>\nCH-4243 Dittingen<\/p>\n<p>Sauf l\u00e9gislation contraire, des droits \u00e0 garantie suppl\u00e9mentaires sont exclus.<\/p>\n<h3>10. Responsabilit\u00e9 pour dommages indirects et dommages cons\u00e9cutifs<\/h3>\n<p>Sauf l\u00e9gislation contraire, nous n&#8217;endossons aucune responsabilit\u00e9 pour les dommages indirects et les dommages cons\u00e9cutifs\u00a0; en particulier, Seven Elements ne peut \u00eatre tenu comme responsable et ne fait valoir aucune garantie en cas d&#8217;utilisation inappropri\u00e9e ou d&#8217;installation inappropri\u00e9e du produit. L&#8217;acheteur est conscient que le produit repr\u00e9sente un poids \u00e9lev\u00e9 et qu&#8217;il a des ar\u00eates saillantes. Il est de la responsabilit\u00e9 de l&#8217;acheteur de placer le produit dans un endroit s\u00fbr et sec, sur une surface stable et plane, hors de port\u00e9e des enfants, de sorte que le produit ne puisse pas basculer ou tomber et qu&#8217;il ne soit pas soumis aux conditions m\u00e9t\u00e9orologiques.<\/p>\n<h3>11. Droit applicable, for juridique<\/h3>\n<p>Le contrat \u00e9tabli entre vous (l&#8217;acheteur) et nous (le vendeur) est r\u00e9gi par le droit suisse, \u00e0 l&#8217;exclusion des r\u00e8gles de conflit du droit international priv\u00e9 et de tout accord international tel que la Convention des Nations unies sur les contrats de vente internationale de marchandises. Adresse de contact de Seven Elements : Tous les messages qui nous sont adress\u00e9s doivent \u00eatre envoy\u00e9s \u00e0 Seven Elements GmbH, K\u00e4hlenweg 17, CH-4243 Dittingen, ou \u00e0 <u>info[at]sevenelements.ch<\/u><u><\/u>.<\/p>\n<p>Dittingen est le for juridique exclusif pour tous les litiges li\u00e9s \u00e0 ces conditions de vente et de livraison. Seven Elements est \u00e9galement habilit\u00e9e \u00e0 intenter une action juridique aupr\u00e8s de la juridiction comp\u00e9tente du domicile du client.<\/p>\n<p>Dittingen, f\u00e9vrier 2019<\/p>\n","protected":false},"excerpt":{"rendered":"<p>L&#8217;\u00e9quipe de Seven Elements est heureuse que vous ayez fait le choix d&#8217;acheter l&#8217;un de nos produits. Votre satisfaction est notre priorit\u00e9 absolue. Si vous avez des questions ou des suggestions, ou si quelque chose ne fonctionne pas, veuillez nous appeler au +41 (0)61 763 13 13, ou nous envoyer un e-mail \u00e0 info[at]sevenelements.ch. 1&#8230;.<\/p>\n<p><a class=\"button-black button alt\" href=\"https:\/\/www.time361.com\/fr\/agb-seven-elements-gmbh\/\">Article ouvert<span class=\"fa fa-plus\"><\/span><\/a><\/p>\n","protected":false},"author":1,"featured_media":0,"parent":0,"menu_order":0,"comment_status":"closed","ping_status":"closed","template":"","meta":{"_acf_changed":false,"footnotes":""},"acf":[],"_links":{"self":[{"href":"https:\/\/www.time361.com\/fr\/wp-json\/wp\/v2\/pages\/1117"}],"collection":[{"href":"https:\/\/www.time361.com\/fr\/wp-json\/wp\/v2\/pages"}],"about":[{"href":"https:\/\/www.time361.com\/fr\/wp-json\/wp\/v2\/types\/page"}],"author":[{"embeddable":true,"href":"https:\/\/www.time361.com\/fr\/wp-json\/wp\/v2\/users\/1"}],"replies":[{"embeddable":true,"href":"https:\/\/www.time361.com\/fr\/wp-json\/wp\/v2\/comments?post=1117"}],"version-history":[{"count":8,"href":"https:\/\/www.time361.com\/fr\/wp-json\/wp\/v2\/pages\/1117\/revisions"}],"predecessor-version":[{"id":1509,"href":"https:\/\/www.time361.com\/fr\/wp-json\/wp\/v2\/pages\/1117\/revisions\/1509"}],"wp:attachment":[{"href":"https:\/\/www.time361.com\/fr\/wp-json\/wp\/v2\/media?parent=1117"}],"curies":[{"name":"wp","href":"https:\/\/api.w.org\/{rel}","templated":true}]}}